{"id":1032,"date":"2020-06-26T16:07:53","date_gmt":"2020-06-26T14:07:53","guid":{"rendered":"http:\/\/domaineroustan.fr\/?page_id=1032"},"modified":"2021-12-05T15:56:54","modified_gmt":"2021-12-05T14:56:54","slug":"huile-dolive-jus-de-raisin","status":"publish","type":"page","link":"https:\/\/domaineroustan.fr\/index.php\/huile-dolive-jus-de-raisin\/","title":{"rendered":"Huile d&rsquo;olive &#8211; Jus de raisin"},"content":{"rendered":"<div class=\"wpb-content-wrapper\">\n<p>[vc_empty_space height=\u00a0\u00bb99px\u00a0\u00bb][<\/p>\n\n\n\n<h1 class=\"has-text-align-center wp-block-heading\">Huile d&rsquo;olive &#8211; Jus de raisin<\/h1>\n\n\n\n<p>[vc_empty_space height=\u00a0\u00bb99px\u00a0\u00bb]<\/p>\n\n\n\n<figure class=\"wp-block-video aligncenter\"><video height=\"720\" style=\"aspect-ratio: 1280 \/ 720;\" width=\"1280\" controls src=\"http:\/\/domaineroustan.fr\/wp-content\/uploads\/2021\/12\/ROUSTAN-huile-olive-1.mov\"><\/video><\/figure>\n\n\n<p>[vc_row][vc_column width=\u00a0\u00bb1\/2&Prime;][vc_empty_space height=\u00a0\u00bb99px\u00a0\u00bb][vc_single_image image=\u00a0\u00bb1033&Prime; img_size=\u00a0\u00bblarge\u00a0\u00bb][\/vc_column][vc_column width=\u00a0\u00bb1\/2&Prime;][vc_empty_space height=\u00a0\u00bb99px\u00a0\u00bb][vc_empty_space height=\u00a0\u00bb30px\u00a0\u00bb][vc_column_text]<\/p>\n<h3 style=\"text-align: center;\"><em>R\u00e9colte :<\/em><\/h3>\n<h6 style=\"text-align: center;\">\u00a0<\/h6>\n<p>[\/vc_column_text][vc_column_text]<\/p>\n<h6 style=\"text-align: center;\">Olives r\u00e9colt\u00e9es \u00e0 la main en 2019<\/h6>\n<p>[\/vc_column_text][vc_empty_space][vc_column_text]<\/p>\n<h3 style=\"text-align: center;\"><em>Vari\u00e9t\u00e9s :<\/em><\/h3>\n<h6 style=\"text-align: center;\">\u00a0<\/h6>\n<p>[\/vc_column_text][vc_column_text]<\/p>\n<h6 style=\"text-align: center;\">Aglandau et Solanenque<\/h6>\n<h6 style=\"text-align: center;\">\u00a0<\/h6>\n<p>[\/vc_column_text][vc_empty_space][vc_column_text]<\/p>\n<h3 style=\"text-align: center;\"><em>Classification :<\/em><\/h3>\n<h6 style=\"text-align: center;\">\u00a0<\/h6>\n<p>[\/vc_column_text][vc_column_text]<\/p>\n<h6 style=\"text-align: center;\">Issue de l&rsquo;agriculture biologique certifi\u00e9 par \u00c9cocert FR-BIO-01<\/h6>\n<h6 style=\"text-align: center;\">\u00a0<\/h6>\n<p>[\/vc_column_text][vc_empty_space][vc_column_text]<\/p>\n<h3 style=\"text-align: center;\"><em>Conservation :<\/em><\/h3>\n<h6 style=\"text-align: center;\">\u00a0<\/h6>\n<p>[\/vc_column_text][vc_column_text]<\/p>\n<h6 style=\"text-align: center;\">Laisser \u00e0 l&rsquo;abri de la lumi\u00e8re et de la chaleur.<br \/>\u00c0 consommer avant mai 2021<\/h6>\n<h6 style=\"text-align: center;\">\u00a0<\/h6>\n<p>[\/vc_column_text][vc_empty_space][vc_column_text]<\/p>\n<h3 style=\"text-align: center;\"><em>D\u00e9gustation :<\/em><\/h3>\n<h6 style=\"text-align: center;\">\u00a0<\/h6>\n<p>[\/vc_column_text][vc_column_text]<\/p>\n<h6 style=\"text-align: center;\">Sur des notes d&rsquo;herbes fraiches, d&rsquo;artichauts et d&rsquo;amande.<br \/>Une huile d&rsquo;olive \u00e9quilibr\u00e9e et ardente.<\/h6>\n<p>\u00a0<\/p>\n<h6 style=\"text-align: center;\">\u00a0<\/h6>\n<p>[\/vc_column_text][\/vc_column][\/vc_row][vc_row][vc_column width=\u00a0\u00bb1\/2&Prime;][vc_empty_space height=\u00a0\u00bb99px\u00a0\u00bb][vc_column_text]<\/p>\n<h3 style=\"text-align: center;\"><em>R\u00e9colte :<\/em><\/h3>\n<h6 style=\"text-align: center;\">\u00a0<\/h6>\n<p>[\/vc_column_text][vc_column_text]<\/p>\n<h6 style=\"text-align: center;\">Vendanges r\u00e9alis\u00e9es en ao\u00fbt 2019<\/h6>\n<p>[\/vc_column_text][vc_empty_space][vc_column_text]<\/p>\n<h3 style=\"text-align: center;\"><em>Composition :<\/em><\/h3>\n<h6 style=\"text-align: center;\">\u00a0<\/h6>\n<p>[\/vc_column_text][vc_column_text]<\/p>\n<h6 style=\"text-align: center;\">Raisins 100% raisin &#8211; sans sucres ajout\u00e9s, sans conservateurs, sans colorants<\/h6>\n<p>[\/vc_column_text][vc_empty_space][vc_column_text]<\/p>\n<h3 style=\"text-align: center;\"><em>Classification :<\/em><\/h3>\n<h6 style=\"text-align: center;\">\u00a0<\/h6>\n<p>[\/vc_column_text][vc_column_text]<\/p>\n<h6 style=\"text-align: center;\">En 3\u00e8me ann\u00e9e de conversion bio vers l&rsquo;agriculture biologique<br \/>certifi\u00e9 par \u00c9cocert FR-BIO-01<\/h6>\n<h6 style=\"text-align: center;\">\u00a0<\/h6>\n<p>[\/vc_column_text][vc_empty_space][vc_column_text]<\/p>\n<h3 style=\"text-align: center;\"><em>Conservation :<\/em><\/h3>\n<h6 style=\"text-align: center;\">\u00a0<\/h6>\n<p>[\/vc_column_text][vc_column_text]<\/p>\n<h6 style=\"text-align: center;\">Bouteille en verre avec capsule en m\u00e9tal.<br \/>\u00c0 consommer avant octobre 2021.<\/h6>\n<h6 style=\"text-align: center;\">\u00a0<\/h6>\n<p>[\/vc_column_text][\/vc_column][vc_column width=\u00a0\u00bb1\/2&Prime;][vc_empty_space height=\u00a0\u00bb25px\u00a0\u00bb][vc_single_image image=\u00a0\u00bb1038&Prime; img_size=\u00a0\u00bblarge\u00a0\u00bb alignment=\u00a0\u00bbright\u00a0\u00bb][\/vc_column][\/vc_row][vc_row][vc_column][vc_empty_space height=\u00a0\u00bb99px\u00a0\u00bb][\/vc_column][\/vc_row]<\/p><\/div>","protected":false},"excerpt":{"rendered":"[vc_empty_space height=\u00a0\u00bb99px\u00a0\u00bb][ Huile d&rsquo;olive &#8211; Jus de raisin [vc_empty_space height=\u00a0\u00bb99px\u00a0\u00bb] [vc_row][vc_column width=\u00a0\u00bb1\/2&Prime;][vc_empty_space height=\u00a0\u00bb99px\u00a0\u00bb][vc_single_image image=\u00a0\u00bb1033&Prime; img_size=\u00a0\u00bblarge\u00a0\u00bb][\/vc_column][vc_column width=\u00a0\u00bb1\/2&Prime;][vc_empty_space height=\u00a0\u00bb99px\u00a0\u00bb][vc_empty_space height=\u00a0\u00bb30px\u00a0\u00bb][vc_column_text] R\u00e9colte : \u00a0 [\/vc_column_text][vc_column_text] Olives r\u00e9colt\u00e9es \u00e0 la main en 2019 [\/vc_column_text][vc_empty_space][vc_column_text] Vari\u00e9t\u00e9s : \u00a0 [\/vc_column_text][vc_column_text] Aglandau et Solanenque \u00a0 [\/vc_column_text][vc_empty_space][vc_column_text] Classification : \u00a0 [\/vc_column_text][vc_column_text] Issue de l&rsquo;agriculture biologique certifi\u00e9 par \u00c9cocert FR-BIO-01 \u00a0 [\/vc_column_text][vc_empty_space][vc_column_text] Conservation : [&hellip;]","protected":false},"author":1,"featured_media":0,"parent":0,"menu_order":0,"comment_status":"closed","ping_status":"closed","template":"custom-page.php","meta":{"_et_pb_use_builder":"","_et_pb_old_content":"","_et_gb_content_width":"","_exactmetrics_skip_tracking":false,"_exactmetrics_sitenote_active":false,"_exactmetrics_sitenote_note":"","_exactmetrics_sitenote_category":0,"footnotes":""},"class_list":["post-1032","page","type-page","status-publish","hentry"],"_links":{"self":[{"href":"https:\/\/domaineroustan.fr\/index.php\/wp-json\/wp\/v2\/pages\/1032","targetHints":{"allow":["GET"]}}],"collection":[{"href":"https:\/\/domaineroustan.fr\/index.php\/wp-json\/wp\/v2\/pages"}],"about":[{"href":"https:\/\/domaineroustan.fr\/index.php\/wp-json\/wp\/v2\/types\/page"}],"author":[{"embeddable":true,"href":"https:\/\/domaineroustan.fr\/index.php\/wp-json\/wp\/v2\/users\/1"}],"replies":[{"embeddable":true,"href":"https:\/\/domaineroustan.fr\/index.php\/wp-json\/wp\/v2\/comments?post=1032"}],"version-history":[{"count":30,"href":"https:\/\/domaineroustan.fr\/index.php\/wp-json\/wp\/v2\/pages\/1032\/revisions"}],"predecessor-version":[{"id":1129,"href":"https:\/\/domaineroustan.fr\/index.php\/wp-json\/wp\/v2\/pages\/1032\/revisions\/1129"}],"wp:attachment":[{"href":"https:\/\/domaineroustan.fr\/index.php\/wp-json\/wp\/v2\/media?parent=1032"}],"curies":[{"name":"wp","href":"https:\/\/api.w.org\/{rel}","templated":true}]}}