{"id":1380,"date":"2022-07-04T16:16:56","date_gmt":"2022-07-04T14:16:56","guid":{"rendered":"https:\/\/domaineroustan.fr\/?page_id=1380"},"modified":"2023-04-03T09:50:53","modified_gmt":"2023-04-03T07:50:53","slug":"pour-danser-au-baleti-igp-mediterranee-rose","status":"publish","type":"page","link":"https:\/\/domaineroustan.fr\/index.php\/pour-danser-au-baleti-igp-mediterranee-rose\/","title":{"rendered":"Pour danser au Bal\u00e8ti &#8211; IGP M\u00e9diterran\u00e9e \u2013 Ros\u00e9"},"content":{"rendered":"<p>[et_pb_section fb_built=\u00a0\u00bb1&Prime; _builder_version=\u00a0\u00bb4.16&Prime; _module_preset=\u00a0\u00bbdefault\u00a0\u00bb global_colors_info=\u00a0\u00bb{}\u00a0\u00bb][et_pb_row _builder_version=\u00a0\u00bb4.16&Prime; _module_preset=\u00a0\u00bbdefault\u00a0\u00bb custom_margin=\u00a0\u00bb-80px||-80px||true|false\u00a0\u00bb custom_padding=\u00a0\u00bb||||false|false\u00a0\u00bb global_colors_info=\u00a0\u00bb{}\u00a0\u00bb][et_pb_column type=\u00a0\u00bb4_4&Prime; _builder_version=\u00a0\u00bb4.16&Prime; _module_preset=\u00a0\u00bbdefault\u00a0\u00bb global_colors_info=\u00a0\u00bb{}\u00a0\u00bb][et_pb_post_title meta=\u00a0\u00bboff\u00a0\u00bb featured_image=\u00a0\u00bboff\u00a0\u00bb _builder_version=\u00a0\u00bb4.16&Prime; _module_preset=\u00a0\u00bbdefault\u00a0\u00bb text_orientation=\u00a0\u00bbcenter\u00a0\u00bb global_colors_info=\u00a0\u00bb{}\u00a0\u00bb][\/et_pb_post_title][\/et_pb_column][\/et_pb_row][\/et_pb_section][et_pb_section fb_built=\u00a0\u00bb1&Prime; admin_label=\u00a0\u00bbClub Packs\u00a0\u00bb _builder_version=\u00a0\u00bb4.16&Prime; background_color=\u00a0\u00bb#f9f5f1&Prime; background_enable_image=\u00a0\u00bboff\u00a0\u00bb background_size=\u00a0\u00bbinitial\u00a0\u00bb locked=\u00a0\u00bboff\u00a0\u00bb global_colors_info=\u00a0\u00bb{}\u00a0\u00bb][et_pb_row column_structure=\u00a0\u00bb1_2,1_2&Prime; _builder_version=\u00a0\u00bb4.16&Prime; global_colors_info=\u00a0\u00bb{}\u00a0\u00bb][et_pb_column type=\u00a0\u00bb1_2&Prime; _builder_version=\u00a0\u00bb4.16&Prime; global_colors_info=\u00a0\u00bb{}\u00a0\u00bb][et_pb_image src=\u00a0\u00bbhttps:\/\/domaineroustan.fr\/wp-content\/uploads\/2022\/07\/Danser-au-Baleti.png\u00a0\u00bb alt=\u00a0\u00bbPour danser au Bal\u00e9ti &#8211; IGP M\u00e9diterran\u00e9e \u2013 Ros\u00e9\u00a0\u00bb title_text=\u00a0\u00bbDanser au Baleti\u00a0\u00bb align=\u00a0\u00bbcenter\u00a0\u00bb _builder_version=\u00a0\u00bb4.16&Prime; global_colors_info=\u00a0\u00bb{}\u00a0\u00bb][\/et_pb_image][et_pb_text _builder_version=\u00a0\u00bb4.18.0&Prime; _module_preset=\u00a0\u00bbdefault\u00a0\u00bb header_2_line_height=\u00a0\u00bb2.1em\u00a0\u00bb text_orientation=\u00a0\u00bbcenter\u00a0\u00bb max_height=\u00a0\u00bb1000px\u00a0\u00bb custom_margin=\u00a0\u00bb0px||0px||true|false\u00a0\u00bb custom_padding=\u00a0\u00bb||1px||false|false\u00a0\u00bb hover_enabled=\u00a0\u00bb0&Prime; border_width_all=\u00a0\u00bb1px\u00a0\u00bb border_color_all=\u00a0\u00bb#d0ad00&Prime; global_colors_info=\u00a0\u00bb{}\u00a0\u00bb sticky_enabled=\u00a0\u00bb0&Prime;]<\/p>\n<p>13% Vol<\/p>\n<h2>8,5\u20ac TTC<\/h2>\n<p>Existe aussi en magnum<\/p>\n<p>[\/et_pb_text][\/et_pb_column][et_pb_column type=\u00a0\u00bb1_2&Prime; _builder_version=\u00a0\u00bb4.16&Prime; custom_padding=\u00a0\u00bb40px||||false|false\u00a0\u00bb custom_padding_tablet=\u00a0\u00bb80px||||false|false\u00a0\u00bb custom_padding_phone=\u00a0\u00bb0px||||false|false\u00a0\u00bb custom_padding_last_edited=\u00a0\u00bbon|desktop\u00a0\u00bb global_colors_info=\u00a0\u00bb{}\u00a0\u00bb][et_pb_blurb title=\u00a0\u00bbC\u00c9PAGE\u00a0\u00bb image=\u00a0\u00bbhttps:\/\/domaineroustan.fr\/wp-content\/uploads\/2022\/05\/icons8-grain-de-raisin-64.png\u00a0\u00bb icon_placement=\u00a0\u00bbleft\u00a0\u00bb _builder_version=\u00a0\u00bb4.16&Prime; _module_preset=\u00a0\u00bbdefault\u00a0\u00bb header_level=\u00a0\u00bbh2&Prime; header_font=\u00a0\u00bbLora|500|||||||\u00a0\u00bb header_text_color=\u00a0\u00bb#d0ad00&Prime; header_font_size=\u00a0\u00bb29px\u00a0\u00bb body_line_height=\u00a0\u00bb1em\u00a0\u00bb global_colors_info=\u00a0\u00bb{}\u00a0\u00bb][\/et_pb_blurb][et_pb_text _builder_version=\u00a0\u00bb4.16&Prime; _module_preset=\u00a0\u00bbdefault\u00a0\u00bb custom_margin=\u00a0\u00bb-50px|||50px|false|false\u00a0\u00bb global_colors_info=\u00a0\u00bb{}\u00a0\u00bb]<\/p>\n<p>Grenache, Cabernet<\/p>\n<p>[\/et_pb_text][et_pb_blurb title=\u00a0\u00bbVITICULTURE\u00a0\u00bb image=\u00a0\u00bbhttps:\/\/domaineroustan.fr\/wp-content\/uploads\/2022\/06\/les-raisins.png\u00a0\u00bb icon_placement=\u00a0\u00bbleft\u00a0\u00bb _builder_version=\u00a0\u00bb4.16&Prime; _module_preset=\u00a0\u00bbdefault\u00a0\u00bb header_level=\u00a0\u00bbh2&Prime; header_font=\u00a0\u00bbLora|500|||||||\u00a0\u00bb header_text_color=\u00a0\u00bb#d0ad00&Prime; header_font_size=\u00a0\u00bb29px\u00a0\u00bb body_line_height=\u00a0\u00bb1em\u00a0\u00bb global_colors_info=\u00a0\u00bb{}\u00a0\u00bb][\/et_pb_blurb][et_pb_text _builder_version=\u00a0\u00bb4.16&Prime; _module_preset=\u00a0\u00bbdefault\u00a0\u00bb custom_margin=\u00a0\u00bb-50px|||50px|false|false\u00a0\u00bb global_colors_info=\u00a0\u00bb{}\u00a0\u00bb]<\/p>\n<p>Diff\u00e9rentes ann\u00e9es de plantation (1990, 2010)<\/p>\n<p>[\/et_pb_text][et_pb_blurb title=\u00a0\u00bbAPPELLATION\u00a0\u00bb image=\u00a0\u00bbhttps:\/\/domaineroustan.fr\/wp-content\/uploads\/2022\/05\/icons8-automne-64.png\u00a0\u00bb icon_placement=\u00a0\u00bbleft\u00a0\u00bb _builder_version=\u00a0\u00bb4.16&Prime; _module_preset=\u00a0\u00bbdefault\u00a0\u00bb header_level=\u00a0\u00bbh2&Prime; header_font=\u00a0\u00bbLora|500|||||||\u00a0\u00bb header_text_color=\u00a0\u00bb#d0ad00&Prime; header_font_size=\u00a0\u00bb29px\u00a0\u00bb body_line_height=\u00a0\u00bb1em\u00a0\u00bb global_colors_info=\u00a0\u00bb{}\u00a0\u00bb][\/et_pb_blurb][et_pb_text _builder_version=\u00a0\u00bb4.16&Prime; _module_preset=\u00a0\u00bbdefault\u00a0\u00bb custom_margin=\u00a0\u00bb-50px|||50px|false|false\u00a0\u00bb global_colors_info=\u00a0\u00bb{}\u00a0\u00bb]<\/p>\n<p>IGP M\u00e9diterran\u00e9e<\/p>\n<p>[\/et_pb_text][et_pb_blurb title=\u00a0\u00bbCLASSIFICATION\u00a0\u00bb image=\u00a0\u00bbhttps:\/\/domaineroustan.fr\/wp-content\/uploads\/2022\/05\/icons8-bio-64.png\u00a0\u00bb icon_placement=\u00a0\u00bbleft\u00a0\u00bb _builder_version=\u00a0\u00bb4.16&Prime; _module_preset=\u00a0\u00bbdefault\u00a0\u00bb header_level=\u00a0\u00bbh2&Prime; header_font=\u00a0\u00bbLora|500|||||||\u00a0\u00bb header_text_color=\u00a0\u00bb#d0ad00&Prime; header_font_size=\u00a0\u00bb29px\u00a0\u00bb body_line_height=\u00a0\u00bb1em\u00a0\u00bb global_colors_info=\u00a0\u00bb{}\u00a0\u00bb][\/et_pb_blurb][et_pb_text _builder_version=\u00a0\u00bb4.18.0&Prime; _module_preset=\u00a0\u00bbdefault\u00a0\u00bb custom_margin=\u00a0\u00bb-50px|||50px|false|false\u00a0\u00bb global_colors_info=\u00a0\u00bb{}\u00a0\u00bb]<\/p>\n<p>En Agriculture biologgique certifi\u00e9 par Ecocert FR-BIO-01<\/p>\n<p>[\/et_pb_text][et_pb_blurb title=\u00a0\u00bbVINIFICATION\u00a0\u00bb image=\u00a0\u00bbhttps:\/\/domaineroustan.fr\/wp-content\/uploads\/2022\/06\/baril.png\u00a0\u00bb icon_placement=\u00a0\u00bbleft\u00a0\u00bb _builder_version=\u00a0\u00bb4.16&Prime; _module_preset=\u00a0\u00bbdefault\u00a0\u00bb header_level=\u00a0\u00bbh2&Prime; header_font=\u00a0\u00bbLora|500|||||||\u00a0\u00bb header_text_color=\u00a0\u00bb#d0ad00&Prime; header_font_size=\u00a0\u00bb29px\u00a0\u00bb body_line_height=\u00a0\u00bb1.2em\u00a0\u00bb global_colors_info=\u00a0\u00bb{}\u00a0\u00bb][\/et_pb_blurb][et_pb_text _builder_version=\u00a0\u00bb4.16&Prime; _module_preset=\u00a0\u00bbdefault\u00a0\u00bb custom_margin=\u00a0\u00bb-50px|||50px|false|false\u00a0\u00bb global_colors_info=\u00a0\u00bb{}\u00a0\u00bb]<\/p>\n<p>Vendange \u00e0 temp\u00e9rature et \u00e0 maturit\u00e9 optimale.<br \/>Raisins \u00e9rafl\u00e9s. S\u00e9paration des jus de goutte et des jus de presse.<br \/>Fermentation \u00e0 basse temp\u00e9rature en cuves inox thermo r\u00e9gul\u00e9es.<\/p>\n<p>[\/et_pb_text][et_pb_blurb title=\u00a0\u00bbD\u00c9GUSTATION\u00a0\u00bb image=\u00a0\u00bbhttps:\/\/domaineroustan.fr\/wp-content\/uploads\/2022\/05\/icons8-vin-blanc-64.png\u00a0\u00bb icon_placement=\u00a0\u00bbleft\u00a0\u00bb _builder_version=\u00a0\u00bb4.16&Prime; _module_preset=\u00a0\u00bbdefault\u00a0\u00bb header_level=\u00a0\u00bbh2&Prime; header_font=\u00a0\u00bbLora|500|||||||\u00a0\u00bb header_text_color=\u00a0\u00bb#d0ad00&Prime; header_font_size=\u00a0\u00bb29px\u00a0\u00bb body_line_height=\u00a0\u00bb1.2em\u00a0\u00bb global_colors_info=\u00a0\u00bb{}\u00a0\u00bb][\/et_pb_blurb][et_pb_text _builder_version=\u00a0\u00bb4.16&Prime; _module_preset=\u00a0\u00bbdefault\u00a0\u00bb custom_margin=\u00a0\u00bb-50px|||50px|false|false\u00a0\u00bb global_colors_info=\u00a0\u00bb{}\u00a0\u00bb]<\/p>\n<p>Une robe rose p\u00e2le aux reflets p\u00e9tales de rose.<br \/>Un nez fin et d\u00e9licat, sur des notes de mie de pain, min\u00e9rales et d&rsquo;abricots. <br \/>L&rsquo;attaque en bouche est assez ample, des ar\u00f4mes de poire et de fleur de sureau. Un vin festif et facile \u00e0 boire.<br \/>Temp\u00e9rature de d\u00e9gustation: 11 \u00e0 12 \u00b0C<\/p>\n<p>[\/et_pb_text][et_pb_blurb title=\u00a0\u00bbACCORD METS ET VIN\u00a0\u00bb image=\u00a0\u00bbhttps:\/\/domaineroustan.fr\/wp-content\/uploads\/2022\/05\/icons8-cloche-de-service-64.png\u00a0\u00bb icon_placement=\u00a0\u00bbleft\u00a0\u00bb _builder_version=\u00a0\u00bb4.16&Prime; _module_preset=\u00a0\u00bbdefault\u00a0\u00bb header_level=\u00a0\u00bbh2&Prime; header_font=\u00a0\u00bbLora|500|||||||\u00a0\u00bb header_text_color=\u00a0\u00bb#d0ad00&Prime; header_font_size=\u00a0\u00bb29px\u00a0\u00bb body_line_height=\u00a0\u00bb1.2em\u00a0\u00bb global_colors_info=\u00a0\u00bb{}\u00a0\u00bb][\/et_pb_blurb][et_pb_text _builder_version=\u00a0\u00bb4.16&Prime; _module_preset=\u00a0\u00bbdefault\u00a0\u00bb custom_margin=\u00a0\u00bb-50px|||50px|false|false\u00a0\u00bb global_colors_info=\u00a0\u00bb{}\u00a0\u00bb]<\/p>\n<div class=\"page\" title=\"Page 1\">\n<div class=\"layoutArea\">\n<div class=\"column\">\n<p><span>A de\u0301guster avec des plats provenc\u0327aux et me\u0301diterrane\u0301ens, de la ratatouille, de la moussaka, des le\u0301gumes farcis&#8230;<\/span><\/p>\n<\/div>\n<\/div>\n<\/div>\n<p>[\/et_pb_text][et_pb_text _builder_version=\u00a0\u00bb4.16&Prime; _module_preset=\u00a0\u00bbdefault\u00a0\u00bb custom_margin=\u00a0\u00bb-50px|||50px|false|false\u00a0\u00bb global_colors_info=\u00a0\u00bb{}\u00a0\u00bb][\/et_pb_text][\/et_pb_column][\/et_pb_row][et_pb_row _builder_version=\u00a0\u00bb4.16&Prime; _module_preset=\u00a0\u00bbdefault\u00a0\u00bb global_colors_info=\u00a0\u00bb{}\u00a0\u00bb][et_pb_column type=\u00a0\u00bb4_4&Prime; _builder_version=\u00a0\u00bb4.16&Prime; _module_preset=\u00a0\u00bbdefault\u00a0\u00bb global_colors_info=\u00a0\u00bb{}\u00a0\u00bb][et_pb_button button_url=\u00a0\u00bbmailto:contact@domaineroustan.fr\u00a0\u00bb button_text=\u00a0\u00bbCommander\u00a0\u00bb button_alignment=\u00a0\u00bbcenter\u00a0\u00bb _builder_version=\u00a0\u00bb4.16&Prime; custom_button=\u00a0\u00bbon\u00a0\u00bb button_text_size=\u00a0\u00bb18px\u00a0\u00bb button_text_color=\u00a0\u00bb#f9f5f1&Prime; button_bg_color=\u00a0\u00bb#280400&Prime; button_border_color=\u00a0\u00bb#280400&Prime; button_border_radius=\u00a0\u00bb0px\u00a0\u00bb button_font=\u00a0\u00bbLora||on||||||\u00a0\u00bb button_use_icon=\u00a0\u00bboff\u00a0\u00bb custom_padding=\u00a0\u00bb10px|30px|10px|30px|true|true\u00a0\u00bb locked=\u00a0\u00bboff\u00a0\u00bb global_colors_info=\u00a0\u00bb{}\u00a0\u00bb button_text_color__hover=\u00a0\u00bb#280400&Prime; button_text_color__hover_enabled=\u00a0\u00bbon|desktop\u00a0\u00bb button_bg_color__hover=\u00a0\u00bbrgba(0,0,0,0)\u00a0\u00bb button_bg_color__hover_enabled=\u00a0\u00bbon|hover\u00a0\u00bb button_bg_enable_color__hover=\u00a0\u00bbon\u00a0\u00bb][\/et_pb_button][\/et_pb_column][\/et_pb_row][et_pb_row column_structure=\u00a0\u00bb1_5,3_5,1_5&Prime; _builder_version=\u00a0\u00bb4.16&Prime; _module_preset=\u00a0\u00bbdefault\u00a0\u00bb max_width=\u00a0\u00bb900px\u00a0\u00bb global_colors_info=\u00a0\u00bb{}\u00a0\u00bb][et_pb_column type=\u00a0\u00bb1_5&Prime; _builder_version=\u00a0\u00bb4.16&Prime; _module_preset=\u00a0\u00bbdefault\u00a0\u00bb global_colors_info=\u00a0\u00bb{}\u00a0\u00bb][\/et_pb_column][et_pb_column type=\u00a0\u00bb3_5&Prime; _builder_version=\u00a0\u00bb4.16&Prime; _module_preset=\u00a0\u00bbdefault\u00a0\u00bb global_colors_info=\u00a0\u00bb{}\u00a0\u00bb][et_pb_gallery gallery_ids=\u00a0\u00bb1385,1329,1384&Prime; fullwidth=\u00a0\u00bbon\u00a0\u00bb _builder_version=\u00a0\u00bb4.16&Prime; _module_preset=\u00a0\u00bbdefault\u00a0\u00bb width=\u00a0\u00bb100%\u00a0\u00bb global_colors_info=\u00a0\u00bb{}\u00a0\u00bb][\/et_pb_gallery][\/et_pb_column][et_pb_column type=\u00a0\u00bb1_5&Prime; _builder_version=\u00a0\u00bb4.16&Prime; _module_preset=\u00a0\u00bbdefault\u00a0\u00bb global_colors_info=\u00a0\u00bb{}\u00a0\u00bb][\/et_pb_column][\/et_pb_row][\/et_pb_section]<\/p>\n","protected":false},"excerpt":{"rendered":"<p>13% Vol 8,5\u20ac TTC Existe aussi en magnum C\u00c9PAGE&#8230;<\/p>\n","protected":false},"author":1,"featured_media":0,"parent":0,"menu_order":0,"comment_status":"closed","ping_status":"closed","template":"","meta":{"_et_pb_use_builder":"on","_et_pb_old_content":"","_et_gb_content_width":"","_exactmetrics_skip_tracking":false,"_exactmetrics_sitenote_active":false,"_exactmetrics_sitenote_note":"","_exactmetrics_sitenote_category":0,"footnotes":""},"class_list":["post-1380","page","type-page","status-publish","hentry"],"_links":{"self":[{"href":"https:\/\/domaineroustan.fr\/index.php\/wp-json\/wp\/v2\/pages\/1380","targetHints":{"allow":["GET"]}}],"collection":[{"href":"https:\/\/domaineroustan.fr\/index.php\/wp-json\/wp\/v2\/pages"}],"about":[{"href":"https:\/\/domaineroustan.fr\/index.php\/wp-json\/wp\/v2\/types\/page"}],"author":[{"embeddable":true,"href":"https:\/\/domaineroustan.fr\/index.php\/wp-json\/wp\/v2\/users\/1"}],"replies":[{"embeddable":true,"href":"https:\/\/domaineroustan.fr\/index.php\/wp-json\/wp\/v2\/comments?post=1380"}],"version-history":[{"count":8,"href":"https:\/\/domaineroustan.fr\/index.php\/wp-json\/wp\/v2\/pages\/1380\/revisions"}],"predecessor-version":[{"id":1552,"href":"https:\/\/domaineroustan.fr\/index.php\/wp-json\/wp\/v2\/pages\/1380\/revisions\/1552"}],"wp:attachment":[{"href":"https:\/\/domaineroustan.fr\/index.php\/wp-json\/wp\/v2\/media?parent=1380"}],"curies":[{"name":"wp","href":"https:\/\/api.w.org\/{rel}","templated":true}]}}