{"id":667,"date":"2018-06-09T23:11:10","date_gmt":"2018-06-09T21:11:10","guid":{"rendered":"http:\/\/domaineroustan.fr\/?page_id=667"},"modified":"2018-06-29T11:52:25","modified_gmt":"2018-06-29T09:52:25","slug":"parcours-pedagogiques","status":"publish","type":"page","link":"https:\/\/domaineroustan.fr\/index.php\/parcours-pedagogiques\/","title":{"rendered":"Parcours p\u00e9dagogiques"},"content":{"rendered":"<div class=\"wpb-content-wrapper\"><p>[vc_row][vc_column][vc_tta_tabs style=\u00a0\u00bbmodern\u00a0\u00bb shape=\u00a0\u00bbsquare\u00a0\u00bb spacing=\u00a0\u00bb10&Prime; gap=\u00a0\u00bb10&Prime; alignment=\u00a0\u00bbcenter\u00a0\u00bb active_section=\u00a0\u00bb1&Prime;][vc_tta_section title=\u00a0\u00bbScolaires\u00a0\u00bb tab_id=\u00a0\u00bb1528578529713-897f45d9-8400&Prime;][vc_row_inner][vc_column_inner width=\u00a0\u00bb1\/3&Prime;][vc_single_image image=\u00a0\u00bb791&Prime; img_size=\u00a0\u00bbfull\u00a0\u00bb style=\u00a0\u00bbvc_box_rounded\u00a0\u00bb][\/vc_column_inner][vc_column_inner width=\u00a0\u00bb2\/3&Prime;][vc_column_text]<strong>Pour accueillir les petits et les grands de 3 \u00e0 12 ans, nous mettons en place des parcours p\u00e9dagogiques r\u00e9pondant aux besoins de chaque groupe. En collaboration avec l&rsquo;adulte r\u00e9f\u00e9rent, l&rsquo;accueil peut s&rsquo;organiser sur une demie-journ\u00e9e ou une journ\u00e9e en composant avec <\/strong><strong>plusieurs activit\u00e9s ludiques au choix, dont voici une liste non exhaustive :<\/strong><\/p>\n<ul>\n<li>Apprendre le m\u00e9tier d&rsquo;agriculteur (vignes et oliviers)<\/li>\n<li>Observer le mat\u00e9riel agricole (tracteur, s\u00e9cateur, olivium&#8230;)<\/li>\n<li>D\u00e9couvrir en s&rsquo;amusant sur les th\u00e8mes de la biodiversit\u00e9 et du d\u00e9veloppement durable<\/li>\n<li>Comprendre le r\u00f4le de l\u2019eau (fonctionnement des toilettes s\u00e8ches, cycle de l\u2019eau, irrigation)<\/li>\n<li>Installer un nichoir \u00e0 oiseaux, fabriquer un h\u00f4tel \u00e0 insectes<\/li>\n<li>Planter un cep de vigne, un olivier<\/li>\n<li>S\u2019essayer au land art en utilisant les \u00e9l\u00e9ments de la nature pour cr\u00e9er son \u0153uvre d\u2019art<\/li>\n<\/ul>\n<p style=\"text-align: center;\"><i>Possibilit\u00e9 d\u2019int\u00e9grer l\u2019option \u201cPique-nique z\u00e9ro d\u00e9chet\u201d sur demande<\/i><\/p>\n<p>[\/vc_column_text][\/vc_column_inner][\/vc_row_inner][\/vc_tta_section][vc_tta_section title=\u00a0\u00bbCentres de loisirs\u00a0\u00bb tab_id=\u00a0\u00bb1528578907635-ef44cf86-842e\u00a0\u00bb][vc_row_inner][vc_column_inner width=\u00a0\u00bb1\/3&Prime;][vc_single_image image=\u00a0\u00bb786&Prime; img_size=\u00a0\u00bbfull\u00a0\u00bb style=\u00a0\u00bbvc_box_rounded\u00a0\u00bb][\/vc_column_inner][vc_column_inner width=\u00a0\u00bb2\/3&Prime;][vc_column_text]<strong>Nous accueillons des groupes d\u2019enfants et d\u2019adolescents en p\u00e9riode scolaire mais \u00e9galement en p\u00e9riode de vacances avec plusieurs objectifs qui s&rsquo;inscrivent dans nos valeurs :<\/strong><\/p>\n<ul>\n<li>Contribuer \u00e0 l&rsquo;\u00e9ducation \u00e0 la biodiversit\u00e9 et au d\u00e9veloppement durable<\/li>\n<li>Faire d\u00e9couvrir un domaine agricole de mani\u00e8re ludique<\/li>\n<li>Partager la passion du m\u00e9tier d&rsquo;ol\u00e9icultrice et de viticultrice<\/li>\n<\/ul>\n<p>Le Domaine Roustan est membre du r\u00e9seau RACINES PACA, un r\u00e9seau agr\u00e9\u00e9 \u00ab\u00a0Jeunesse et \u00c9ducation Populaire\u00a0\u00bb port\u00e9 par le CIVAM PACA qui rassemble des associations d\u2019agriculteurs dans une d\u00e9marche d\u2019\u00e9ducation populaire.<\/p>\n<p><em>En savoir plus sur :<\/em><\/p>\n<p><em><a href=\"http:\/\/civampaca.org\/RACINES-PACA\" target=\"_blank\" rel=\"noopener\"><img loading=\"lazy\" decoding=\"async\" class=\"alignnone wp-image-879\" src=\"http:\/\/domaineroustan.fr\/wp-content\/uploads\/2018\/06\/racines-paca-logo.png\" alt=\"\" width=\"109\" height=\"112\" \/><\/a><\/em><\/p>\n<ul>\n<li><a href=\"http:\/\/civampaca.org\/\" target=\"_blank\" rel=\"noopener\">Le CIVAM PACA\u00a0 &#8211; Centres d\u2019Initiatives pour Valoriser l\u2019Agriculture et le Milieu rural<\/a><\/li>\n<\/ul>\n<p>[\/vc_column_text][\/vc_column_inner][\/vc_row_inner][\/vc_tta_section][vc_tta_section title=\u00a0\u00bbAccueil social\u00a0\u00bb tab_id=\u00a0\u00bb1529444969525-0299c892-ac41&Prime;][vc_row_inner][vc_column_inner width=\u00a0\u00bb1\/3&Prime;][vc_single_image image=\u00a0\u00bb788&Prime; img_size=\u00a0\u00bbfull\u00a0\u00bb style=\u00a0\u00bbvc_box_rounded\u00a0\u00bb][\/vc_column_inner][vc_column_inner width=\u00a0\u00bb2\/3&Prime;][vc_column_text]<strong> L&rsquo;accueil social est propos\u00e9 \u00e0 des personnes en manque de rep\u00e8res ou qui ressentent le besoin de sortir de leur cadre de vie habituel. Notre volont\u00e9 est d&rsquo;accueillir les publics en insertion pour leur faire d\u00e9couvrir le patrimoine agricole local, gr\u00e2ce \u00e0 des parcours personnalisables :<br \/>\n<\/strong><\/p>\n<ul>\n<li>D\u00e9couverte du m\u00e9tier de viticultrice (taille de vigne, vendange\u2026)<\/li>\n<li>D\u00e9couverte du m\u00e9tier d\u2019ol\u00e9icultrice ( taille d\u2019olivier, cueillette d\u2019olives\u2026)<\/li>\n<\/ul>\n<p><strong> Cet accompagnement permet :<\/strong><\/p>\n<ul>\n<li>D&rsquo;engager des moments d&rsquo;\u00e9change<\/li>\n<li>De comprendre le quotidien d&rsquo;un domaine viticole et ol\u00e9icole<\/li>\n<li>De revaloriser des comp\u00e9tences<\/li>\n<li>De susciter des vocations gr\u00e2ce \u00e0 l\u2019appropriation de gestes m\u00e9tiers<\/li>\n<li>D&rsquo;\u00eatre source de motivation et d&rsquo;\u00e9panouissement<\/li>\n<\/ul>\n<p>[\/vc_column_text][\/vc_column_inner][\/vc_row_inner][\/vc_tta_section][\/vc_tta_tabs][\/vc_column][\/vc_row][vc_row][vc_column][vc_empty_space height=\u00a0\u00bb20px\u00a0\u00bb][vc_separator][vc_empty_space height=\u00a0\u00bb20px\u00a0\u00bb][\/vc_column][\/vc_row][vc_row][vc_column width=\u00a0\u00bb1\/2&Prime;][vc_column_text]<\/p>\n<h3><\/h3>\n<h3 style=\"text-align: center;\">D\u00e9couvrez l&rsquo;ensemble de nos prestations&#8230;<\/h3>\n<p>[\/vc_column_text][\/vc_column][vc_column width=\u00a0\u00bb1\/6&Prime;][vc_btn title=\u00a0\u00bbRencontres th\u00e9matiques\u00a0\u00bb style=\u00a0\u00bboutline-custom\u00a0\u00bb outline_custom_color=\u00a0\u00bb#666666&Prime; outline_custom_hover_background=\u00a0\u00bb#666666&Prime; outline_custom_hover_text=\u00a0\u00bb#ffffff\u00a0\u00bb align=\u00a0\u00bbcenter\u00a0\u00bb link=\u00a0\u00bburl:http%3A%2F%2Fdomaineroustan.fr%2Findex.php%2Frencontres-thematiques%2F|||\u00a0\u00bb][\/vc_column][vc_column width=\u00a0\u00bb1\/6&Prime;][vc_btn title=\u00a0\u00bbS\u00e9minaires professionnels\u00a0\u00bb style=\u00a0\u00bboutline-custom\u00a0\u00bb outline_custom_color=\u00a0\u00bb#666666&Prime; outline_custom_hover_background=\u00a0\u00bb#666666&Prime; outline_custom_hover_text=\u00a0\u00bb#ffffff\u00a0\u00bb align=\u00a0\u00bbcenter\u00a0\u00bb link=\u00a0\u00bburl:http%3A%2F%2Fdomaineroustan.fr%2Findex.php%2Fseminaires-professionnels%2F|||\u00a0\u00bb][\/vc_column][vc_column width=\u00a0\u00bb1\/6&Prime;][vc_btn title=\u00a0\u00bb\u00c9v\u00e8nements festifs \u00a0\u00bb style=\u00a0\u00bboutline-custom\u00a0\u00bb outline_custom_color=\u00a0\u00bb#666666&Prime; outline_custom_hover_background=\u00a0\u00bb#666666&Prime; outline_custom_hover_text=\u00a0\u00bb#ffffff\u00a0\u00bb align=\u00a0\u00bbcenter\u00a0\u00bb link=\u00a0\u00bburl:http%3A%2F%2Fdomaineroustan.fr%2Findex.php%2Fevenements-festifs%2F|||\u00a0\u00bb css=\u00a0\u00bb.vc_custom_1530265939111{padding-top: 10px !important;}\u00a0\u00bb][\/vc_column][\/vc_row]<\/p>\n<\/div>","protected":false},"excerpt":{"rendered":"[vc_row][vc_column][vc_tta_tabs style=\u00a0\u00bbmodern\u00a0\u00bb shape=\u00a0\u00bbsquare\u00a0\u00bb spacing=\u00a0\u00bb10&Prime; gap=\u00a0\u00bb10&Prime; alignment=\u00a0\u00bbcenter\u00a0\u00bb active_section=\u00a0\u00bb1&Prime;][vc_tta_section title=\u00a0\u00bbScolaires\u00a0\u00bb tab_id=\u00a0\u00bb1528578529713-897f45d9-8400&Prime;][vc_row_inner][vc_column_inner width=\u00a0\u00bb1\/3&Prime;][vc_single_image image=\u00a0\u00bb791&Prime; img_size=\u00a0\u00bbfull\u00a0\u00bb style=\u00a0\u00bbvc_box_rounded\u00a0\u00bb][\/vc_column_inner][vc_column_inner width=\u00a0\u00bb2\/3&Prime;][vc_column_text]Pour accueillir les petits et les grands de 3 \u00e0 12 ans, nous mettons en place des parcours p\u00e9dagogiques r\u00e9pondant aux besoins de chaque groupe. En collaboration avec l&rsquo;adulte r\u00e9f\u00e9rent, l&rsquo;accueil peut s&rsquo;organiser sur une demie-journ\u00e9e ou une journ\u00e9e en composant avec [&hellip;]","protected":false},"author":1,"featured_media":0,"parent":0,"menu_order":0,"comment_status":"closed","ping_status":"closed","template":"","meta":{"_et_pb_use_builder":"","_et_pb_old_content":"","_et_gb_content_width":"","_exactmetrics_skip_tracking":false,"_exactmetrics_sitenote_active":false,"_exactmetrics_sitenote_note":"","_exactmetrics_sitenote_category":0,"footnotes":""},"class_list":["post-667","page","type-page","status-publish","hentry"],"_links":{"self":[{"href":"https:\/\/domaineroustan.fr\/index.php\/wp-json\/wp\/v2\/pages\/667","targetHints":{"allow":["GET"]}}],"collection":[{"href":"https:\/\/domaineroustan.fr\/index.php\/wp-json\/wp\/v2\/pages"}],"about":[{"href":"https:\/\/domaineroustan.fr\/index.php\/wp-json\/wp\/v2\/types\/page"}],"author":[{"embeddable":true,"href":"https:\/\/domaineroustan.fr\/index.php\/wp-json\/wp\/v2\/users\/1"}],"replies":[{"embeddable":true,"href":"https:\/\/domaineroustan.fr\/index.php\/wp-json\/wp\/v2\/comments?post=667"}],"version-history":[{"count":63,"href":"https:\/\/domaineroustan.fr\/index.php\/wp-json\/wp\/v2\/pages\/667\/revisions"}],"predecessor-version":[{"id":901,"href":"https:\/\/domaineroustan.fr\/index.php\/wp-json\/wp\/v2\/pages\/667\/revisions\/901"}],"wp:attachment":[{"href":"https:\/\/domaineroustan.fr\/index.php\/wp-json\/wp\/v2\/media?parent=667"}],"curies":[{"name":"wp","href":"https:\/\/api.w.org\/{rel}","templated":true}]}}