{"id":682,"date":"2018-06-09T23:26:27","date_gmt":"2018-06-09T21:26:27","guid":{"rendered":"http:\/\/domaineroustan.fr\/?page_id=682"},"modified":"2018-06-29T14:36:27","modified_gmt":"2018-06-29T12:36:27","slug":"rencontres-thematiques","status":"publish","type":"page","link":"https:\/\/domaineroustan.fr\/index.php\/rencontres-thematiques\/","title":{"rendered":"Rencontres th\u00e9matiques"},"content":{"rendered":"<div class=\"wpb-content-wrapper\"><p>[vc_row][vc_column][vc_tta_tabs style=\u00a0\u00bbmodern\u00a0\u00bb gap=\u00a0\u00bb10&Prime; alignment=\u00a0\u00bbcenter\u00a0\u00bb active_section=\u00a0\u00bb1&Prime;][vc_tta_section title=\u00a0\u00bbCap sur les ceps\u00a0\u00bb tab_id=\u00a0\u00bb1528578529713-897f45d9-8400&Prime;][vc_row_inner][vc_column_inner width=\u00a0\u00bb1\/3&Prime;][vc_single_image image=\u00a0\u00bb793&Prime; img_size=\u00a0\u00bbmedium\u00a0\u00bb style=\u00a0\u00bbvc_box_rounded\u00a0\u00bb][\/vc_column_inner][vc_column_inner width=\u00a0\u00bb2\/3&Prime;][vc_column_text]<strong>Le Domaine Roustan est une exploitation agricole, un vignoble qui souhaite transmettre les cultures de notre terroir. Cultiver la vigne est une activit\u00e9 m\u00e9ticuleuse d\u00e9pendante des al\u00e9as climatiques. Dans les coulisses viticoles du Domaine, venez apprendre le cycle de vie de la vigne et les gestes cl\u00e9s du m\u00e9tier qui \u00e9voluent au fil des saisons :<\/strong><\/p>\n<ul>\n<li>Taille de ceps<\/li>\n<li>Suivi de la maturit\u00e9 du raisin<\/li>\n<li>Vendanges et d\u00e9gustation de raisins<\/li>\n<\/ul>\n<p>[\/vc_column_text][\/vc_column_inner][\/vc_row_inner][\/vc_tta_section][vc_tta_section title=\u00a0\u00bbAu pied des oliviers\u00a0\u00bb tab_id=\u00a0\u00bb1528578907635-ef44cf86-842e\u00a0\u00bb][vc_row_inner][vc_column_inner width=\u00a0\u00bb1\/3&Prime;][vc_single_image image=\u00a0\u00bb795&Prime; img_size=\u00a0\u00bbfull\u00a0\u00bb style=\u00a0\u00bbvc_box_rounded\u00a0\u00bb][\/vc_column_inner][vc_column_inner width=\u00a0\u00bb2\/3&Prime;][vc_column_text]<strong>Symbole de paix et de long\u00e9vit\u00e9, l\u2019olivier est un arbre adapt\u00e9 au climat m\u00e9diterran\u00e9en qui accueille chaque ann\u00e9e sur son tronc les cigales de Provence. Cultiver l\u2019olivier ne s\u2019improvise pas, c\u2019est un m\u00e9tier qui s\u2019apprend. La culture et l&rsquo;exploitation des oliviers vous int\u00e9resse ? Tout au long de l\u2019ann\u00e9e, venez d\u00e9couvrir et \u00e9changer sur l&rsquo;ol\u00e9iculture et tous ses secrets :<\/strong><\/p>\n<ul>\n<li>Taille d\u2019oliviers<\/li>\n<li>Cueillette d\u2019olives<\/li>\n<li>Plantation d&rsquo;arbres<\/li>\n<li>D\u00e9gustation d\u2019huile d\u2019olive<\/li>\n<li>Histoire de l&rsquo;huile d&rsquo;olive au Domaine<\/li>\n<\/ul>\n<p>[\/vc_column_text][\/vc_column_inner][\/vc_row_inner][\/vc_tta_section][vc_tta_section title=\u00a0\u00bbLa t\u00eate dans les nuages\u00a0\u00bb tab_id=\u00a0\u00bb1529442175006-c6ca675e-3afa\u00a0\u00bb][vc_row_inner][vc_column_inner width=\u00a0\u00bb1\/3&Prime;][vc_single_image image=\u00a0\u00bb797&Prime; img_size=\u00a0\u00bbfull\u00a0\u00bb style=\u00a0\u00bbvc_box_rounded\u00a0\u00bb][\/vc_column_inner][vc_column_inner width=\u00a0\u00bb2\/3&Prime;][vc_column_text]<strong>Quoi de plus apaisant qu\u2019un espace de verdure entre vignes et oliviers ? Si vous \u00eates en qu\u00eate d\u2019un lieu relaxant pour passer un moment hors de votre cadre quotidien, accompagn\u00e9 de vos proches, le Domaine Roustan est l\u2019endroit id\u00e9al. Venez profiter de nos prestations bien-\u00eatre pour vous d\u00e9tendre et agr\u00e9menter votre journ\u00e9e d\u2019instants apaisants :<\/strong><\/p>\n<ul>\n<li>Yoga<\/li>\n<li>Massages<\/li>\n<li>Siestes musicales<\/li>\n<li>S\u00e9ances de relaxation&#8230;<\/li>\n<\/ul>\n<p style=\"text-align: center;\"><em>Vous souhaitez intervenir pour animer une activit\u00e9 ? N\u2019h\u00e9sitez pas \u00e0 nous contacter !<\/em><\/p>\n<p>[\/vc_column_text][\/vc_column_inner][\/vc_row_inner][\/vc_tta_section][vc_tta_section title=\u00a0\u00bbLe coeur sur la main\u00a0\u00bb tab_id=\u00a0\u00bb1529442379823-5982c58f-f86d\u00a0\u00bb][vc_row_inner][vc_column_inner width=\u00a0\u00bb1\/3&Prime;][vc_single_image image=\u00a0\u00bb803&Prime; img_size=\u00a0\u00bbfull\u00a0\u00bb style=\u00a0\u00bbvc_box_rounded\u00a0\u00bb][\/vc_column_inner][vc_column_inner width=\u00a0\u00bb2\/3&Prime;][vc_column_text]<strong>Nous mettons \u00e0 votre disposition un cadre unique pour organiser vos op\u00e9rations caritatives et \u00e9v\u00e9nements solidaires. R\u00e9coltez des fonds et collectez des dons pour votre association. Pour sensibiliser aux valeurs de la cause que vous d\u00e9fendez, voici quelques id\u00e9es :<\/strong><\/p>\n<ul>\n<li>Conf\u00e9rences, r\u00e9unions d\u2019information<\/li>\n<li>Ateliers de m\u00e9diation<\/li>\n<li>Vide dressing, vide grenier<\/li>\n<li>Lotos, kermesse<\/li>\n<li>Pi\u00e8ce de th\u00e9\u00e2tre ludique&#8230;<\/li>\n<\/ul>\n<p>[\/vc_column_text][\/vc_column_inner][\/vc_row_inner][\/vc_tta_section][vc_tta_section title=\u00a0\u00bbL&rsquo;esprit cr\u00e9atif\u00a0\u00bb tab_id=\u00a0\u00bb1529950048525-d0fd515e-756d\u00a0\u00bb][vc_row_inner][vc_column_inner width=\u00a0\u00bb1\/3&Prime;][vc_single_image image=\u00a0\u00bb804&Prime; img_size=\u00a0\u00bblarge\u00a0\u00bb style=\u00a0\u00bbvc_box_rounded\u00a0\u00bb][\/vc_column_inner][vc_column_inner width=\u00a0\u00bb2\/3&Prime;][vc_column_text]<strong>Vous avez un talent artistique et souhaitez exposer vos \u0153uvres ? Vous \u00eates amateur du \u201cfaire soi-m\u00eame\u201d et avez envie de participer \u00e0 un atelier collectif ? Vous cherchez une activit\u00e9 pour occuper vos \u00e9quipes hors du cadre de travail ? Le Domaine Roustan accueille des intervenants ext\u00e9rieurs pour vous permettre de d\u00e9velopper votre esprit cr\u00e9atif autour d\u2019ateliers Do It Yourself :<\/strong><\/p>\n<ul>\n<li>Land Art &amp; up cycling<\/li>\n<li>Vernissage<\/li>\n<li>Peinture, dessin<\/li>\n<li>Sculpture sur bois&#8230;<\/li>\n<\/ul>\n<p style=\"text-align: center;\"><em>Vous aimeriez transmettre votre passion en animant un atelier ? N\u2019h\u00e9sitez pas \u00e0 nous contacter !<\/em><\/p>\n<p>[\/vc_column_text][\/vc_column_inner][\/vc_row_inner][\/vc_tta_section][\/vc_tta_tabs][\/vc_column][\/vc_row][vc_row][vc_column][vc_empty_space height=\u00a0\u00bb20px\u00a0\u00bb][vc_separator][vc_empty_space height=\u00a0\u00bb20px\u00a0\u00bb][\/vc_column][\/vc_row][vc_row][vc_column width=\u00a0\u00bb1\/2&Prime;][vc_column_text]<\/p>\n<h3><\/h3>\n<h3 style=\"text-align: center;\">D\u00e9couvrez l&rsquo;ensemble de nos prestations&#8230;<\/h3>\n<p>[\/vc_column_text][\/vc_column][vc_column width=\u00a0\u00bb1\/6&Prime;][vc_btn title=\u00a0\u00bbS\u00e9minaires professionnels\u00a0\u00bb style=\u00a0\u00bboutline-custom\u00a0\u00bb outline_custom_color=\u00a0\u00bb#666666&Prime; outline_custom_hover_background=\u00a0\u00bb#666666&Prime; outline_custom_hover_text=\u00a0\u00bb#ffffff\u00a0\u00bb align=\u00a0\u00bbcenter\u00a0\u00bb link=\u00a0\u00bburl:http%3A%2F%2Fdomaineroustan.fr%2Findex.php%2Fseminaires-professionnels%2F|||\u00a0\u00bb][\/vc_column][vc_column width=\u00a0\u00bb1\/6&Prime;][vc_btn title=\u00a0\u00bb\u00c9v\u00e8nements festifs\u00a0\u00bb style=\u00a0\u00bboutline-custom\u00a0\u00bb outline_custom_color=\u00a0\u00bb#666666&Prime; outline_custom_hover_background=\u00a0\u00bb#666666&Prime; outline_custom_hover_text=\u00a0\u00bb#ffffff\u00a0\u00bb align=\u00a0\u00bbcenter\u00a0\u00bb link=\u00a0\u00bburl:http%3A%2F%2Fdomaineroustan.fr%2Findex.php%2Fevenements-festifs%2F|||\u00a0\u00bb css=\u00a0\u00bb.vc_custom_1530272087491{padding-top: 10px !important;}\u00a0\u00bb][\/vc_column][vc_column width=\u00a0\u00bb1\/6&Prime;][vc_btn title=\u00a0\u00bbParcours p\u00e9dagogiques\u00a0\u00bb style=\u00a0\u00bboutline-custom\u00a0\u00bb outline_custom_color=\u00a0\u00bb#666666&Prime; outline_custom_hover_background=\u00a0\u00bb#666666&Prime; outline_custom_hover_text=\u00a0\u00bb#ffffff\u00a0\u00bb align=\u00a0\u00bbcenter\u00a0\u00bb link=\u00a0\u00bburl:http%3A%2F%2Fdomaineroustan.fr%2Findex.php%2Fparcours-pedagogiques%2F|||\u00a0\u00bb][\/vc_column][\/vc_row]<\/p>\n<\/div>","protected":false},"excerpt":{"rendered":"[vc_row][vc_column][vc_tta_tabs style=\u00a0\u00bbmodern\u00a0\u00bb gap=\u00a0\u00bb10&Prime; alignment=\u00a0\u00bbcenter\u00a0\u00bb active_section=\u00a0\u00bb1&Prime;][vc_tta_section title=\u00a0\u00bbCap sur les ceps\u00a0\u00bb tab_id=\u00a0\u00bb1528578529713-897f45d9-8400&Prime;][vc_row_inner][vc_column_inner width=\u00a0\u00bb1\/3&Prime;][vc_single_image image=\u00a0\u00bb793&Prime; img_size=\u00a0\u00bbmedium\u00a0\u00bb style=\u00a0\u00bbvc_box_rounded\u00a0\u00bb][\/vc_column_inner][vc_column_inner width=\u00a0\u00bb2\/3&Prime;][vc_column_text]Le Domaine Roustan est une exploitation agricole, un vignoble qui souhaite transmettre les cultures de notre terroir. Cultiver la vigne est une activit\u00e9 m\u00e9ticuleuse d\u00e9pendante des al\u00e9as climatiques. Dans les coulisses viticoles du Domaine, venez apprendre le cycle de vie de [&hellip;]","protected":false},"author":1,"featured_media":0,"parent":0,"menu_order":0,"comment_status":"closed","ping_status":"closed","template":"","meta":{"_et_pb_use_builder":"","_et_pb_old_content":"","_et_gb_content_width":"","_exactmetrics_skip_tracking":false,"_exactmetrics_sitenote_active":false,"_exactmetrics_sitenote_note":"","_exactmetrics_sitenote_category":0,"footnotes":""},"class_list":["post-682","page","type-page","status-publish","hentry"],"_links":{"self":[{"href":"https:\/\/domaineroustan.fr\/index.php\/wp-json\/wp\/v2\/pages\/682","targetHints":{"allow":["GET"]}}],"collection":[{"href":"https:\/\/domaineroustan.fr\/index.php\/wp-json\/wp\/v2\/pages"}],"about":[{"href":"https:\/\/domaineroustan.fr\/index.php\/wp-json\/wp\/v2\/types\/page"}],"author":[{"embeddable":true,"href":"https:\/\/domaineroustan.fr\/index.php\/wp-json\/wp\/v2\/users\/1"}],"replies":[{"embeddable":true,"href":"https:\/\/domaineroustan.fr\/index.php\/wp-json\/wp\/v2\/comments?post=682"}],"version-history":[{"count":30,"href":"https:\/\/domaineroustan.fr\/index.php\/wp-json\/wp\/v2\/pages\/682\/revisions"}],"predecessor-version":[{"id":917,"href":"https:\/\/domaineroustan.fr\/index.php\/wp-json\/wp\/v2\/pages\/682\/revisions\/917"}],"wp:attachment":[{"href":"https:\/\/domaineroustan.fr\/index.php\/wp-json\/wp\/v2\/media?parent=682"}],"curies":[{"name":"wp","href":"https:\/\/api.w.org\/{rel}","templated":true}]}}