{"id":690,"date":"2018-06-09T23:36:21","date_gmt":"2018-06-09T21:36:21","guid":{"rendered":"http:\/\/domaineroustan.fr\/?page_id=690"},"modified":"2018-06-29T13:42:37","modified_gmt":"2018-06-29T11:42:37","slug":"seminaires-professionnels","status":"publish","type":"page","link":"https:\/\/domaineroustan.fr\/index.php\/seminaires-professionnels\/","title":{"rendered":"S\u00e9minaires professionnels"},"content":{"rendered":"<div class=\"wpb-content-wrapper\"><p>[vc_row][vc_column][vc_tta_tabs style=\u00a0\u00bbmodern\u00a0\u00bb gap=\u00a0\u00bb10&Prime; alignment=\u00a0\u00bbcenter\u00a0\u00bb active_section=\u00a0\u00bb1&Prime;][vc_tta_section title=\u00a0\u00bb\u00c9changer avec ses collaborateurs\u00a0\u00bb tab_id=\u00a0\u00bb1528578907635-ef44cf86-842e\u00a0\u00bb][vc_row_inner][vc_column_inner width=\u00a0\u00bb1\/3&Prime;][vc_single_image image=\u00a0\u00bb756&Prime; img_size=\u00a0\u00bbfull\u00a0\u00bb][\/vc_column_inner][vc_column_inner width=\u00a0\u00bb2\/3&Prime;][vc_column_text]<b>Nous vous proposons un cadre id\u00e9al pour l&rsquo;organisation de vos s\u00e9minaires professionnels, un moment de convivialit\u00e9 avec vos \u00e9quipes. Voici quelques id\u00e9es qui pourraient vous int\u00e9resser :<\/b><\/p>\n<ul>\n<li>R\u00e9unions, assembl\u00e9es g\u00e9n\u00e9rales, conseil d&rsquo;administration, les rendez-vous incontournables<\/li>\n<li>Brunch, d\u00e9jeuners ou d\u00eeners d&rsquo;entreprise, pour se retrouver dans un cadre champ\u00eatre<\/li>\n<li>Rencontres interprofessionnelles, pour enrichir votre r\u00e9seau<\/li>\n<li>Lancement de produits avec des valeurs \u00e9co-responsables et \u00e9thiques<\/li>\n<li>Afterwork, pour se retrouver apr\u00e8s une longue journ\u00e9e de travail<\/li>\n<li>\u00c9v\u00e8nements de comit\u00e9 d\u2019entreprise pour r\u00e9unir vos \u00e9quipes<\/li>\n<\/ul>\n<p style=\"text-align: center;\"><em>Le Domaine ouvre ses portes aux organisations qui partagent des valeurs \u00e9co-responsables.<\/em><\/p>\n<p>[\/vc_column_text][\/vc_column_inner][\/vc_row_inner][\/vc_tta_section][vc_tta_section title=\u00a0\u00bbFormer ses \u00e9quipes\u00a0\u00bb tab_id=\u00a0\u00bb1528578529713-897f45d9-8400&Prime;][vc_row_inner][vc_column_inner width=\u00a0\u00bb1\/3&Prime;][vc_single_image image=\u00a0\u00bb817&Prime; img_size=\u00a0\u00bbfull\u00a0\u00bb][\/vc_column_inner][vc_column_inner width=\u00a0\u00bb2\/3&Prime;][vc_column_text]<b>Nous mettons \u00e0 votre disposition un cadre id\u00e9al pour r\u00e9aliser vos formations professionnelles. Trois possibilit\u00e9s s\u2019offrent \u00e0 vous :<\/b><\/p>\n<ul>\n<li>Organiser vous-m\u00eame la formation et l\u2019animer<\/li>\n<li>Co-animer la formation ensemble<\/li>\n<li>Nous laisser le soin d\u2019organiser la formation et de l\u2019animer<\/li>\n<\/ul>\n<p style=\"text-align: center;\"><em>Le Domaine ouvre ses portes aux organisations qui partagent des valeurs \u00e9co-responsables.<\/em><\/p>\n<p>[\/vc_column_text][\/vc_column_inner][\/vc_row_inner][\/vc_tta_section][vc_tta_section title=\u00a0\u00bbF\u00e9d\u00e9rer sa communaut\u00e9\u00a0\u00bb tab_id=\u00a0\u00bb1529959209809-05d9431c-f567&Prime;][vc_row_inner][vc_column_inner width=\u00a0\u00bb1\/3&Prime;][vc_single_image image=\u00a0\u00bb819&Prime; img_size=\u00a0\u00bbfull\u00a0\u00bb style=\u00a0\u00bbvc_box_rounded\u00a0\u00bb][\/vc_column_inner][vc_column_inner width=\u00a0\u00bb2\/3&Prime;][vc_column_text]<b>Pour conserver une dynamique positive, f\u00e9d\u00e9rer vos collaborateurs et\u00a0 renforcer l\u2019esprit d\u2019\u00e9quipe<\/b><b>, voici nos suggestions :<\/b><\/p>\n<ul>\n<li>Circuits d\u00e9couverte m\u00e9tier : <a href=\"http:\/\/domaineroustan.fr\/index.php\/rencontres-thematiques\/\" target=\"_blank\" rel=\"noopener\">viticulture<\/a> \/ <a href=\"http:\/\/domaineroustan.fr\/index.php\/rencontres-thematiques\/#1528578907635-ef44cf86-842e\" target=\"_blank\" rel=\"noopener\">ol\u00e9iculture<\/a><\/li>\n<li><a href=\"http:\/\/domaineroustan.fr\/index.php\/rencontres-thematiques\/#1529950048525-d0fd515e-756d\" target=\"_blank\" rel=\"noopener\">Ateliers cr\u00e9atifs<\/a> : up cycling \/ land art<\/li>\n<li>Jeu de piste th\u00e9matique : biodiversit\u00e9 \/ d\u00e9veloppement durable<\/li>\n<li>Pique-nique, d\u00e9jeuners ou d\u00eeners participatifs<\/li>\n<\/ul>\n<p style=\"text-align: center;\"><em>Le Domaine ouvre ses portes aux organisations qui partagent des valeurs \u00e9co-responsables.<\/em><\/p>\n<p>[\/vc_column_text][\/vc_column_inner][\/vc_row_inner][\/vc_tta_section][\/vc_tta_tabs][\/vc_column][\/vc_row][vc_row][vc_column][vc_empty_space height=\u00a0\u00bb20px\u00a0\u00bb][vc_separator][vc_empty_space height=\u00a0\u00bb20px\u00a0\u00bb][\/vc_column][\/vc_row][vc_row][vc_column width=\u00a0\u00bb1\/2&Prime;][vc_column_text]<\/p>\n<h3><\/h3>\n<h3 style=\"text-align: center;\">D\u00e9couvrez l&rsquo;ensemble de nos prestations&#8230;<\/h3>\n<p>[\/vc_column_text][\/vc_column][vc_column width=\u00a0\u00bb1\/6&Prime;][vc_btn title=\u00a0\u00bb\u00c9v\u00e8nements festifs \u00a0\u00bb style=\u00a0\u00bboutline-custom\u00a0\u00bb outline_custom_color=\u00a0\u00bb#666666&Prime; outline_custom_hover_background=\u00a0\u00bb#666666&Prime; outline_custom_hover_text=\u00a0\u00bb#ffffff\u00a0\u00bb align=\u00a0\u00bbcenter\u00a0\u00bb link=\u00a0\u00bburl:http%3A%2F%2Fdomaineroustan.fr%2Findex.php%2Fevenements-festifs%2F|||\u00a0\u00bb css=\u00a0\u00bb.vc_custom_1530272552432{padding-top: 10px !important;}\u00a0\u00bb][\/vc_column][vc_column width=\u00a0\u00bb1\/6&Prime;][vc_btn title=\u00a0\u00bbParcours p\u00e9dagogiques\u00a0\u00bb style=\u00a0\u00bboutline-custom\u00a0\u00bb outline_custom_color=\u00a0\u00bb#666666&Prime; outline_custom_hover_background=\u00a0\u00bb#666666&Prime; outline_custom_hover_text=\u00a0\u00bb#ffffff\u00a0\u00bb align=\u00a0\u00bbcenter\u00a0\u00bb link=\u00a0\u00bburl:http%3A%2F%2Fdomaineroustan.fr%2Findex.php%2Fparcours-pedagogiques%2F|||\u00a0\u00bb][\/vc_column][vc_column width=\u00a0\u00bb1\/6&Prime;][vc_btn title=\u00a0\u00bbRencontres th\u00e9matiques\u00a0\u00bb style=\u00a0\u00bboutline-custom\u00a0\u00bb outline_custom_color=\u00a0\u00bb#666666&Prime; outline_custom_hover_background=\u00a0\u00bb#666666&Prime; outline_custom_hover_text=\u00a0\u00bb#ffffff\u00a0\u00bb align=\u00a0\u00bbcenter\u00a0\u00bb link=\u00a0\u00bburl:http%3A%2F%2Fdomaineroustan.fr%2Findex.php%2Frencontres-thematiques%2F|||\u00a0\u00bb][\/vc_column][\/vc_row]<\/p>\n<\/div>","protected":false},"excerpt":{"rendered":"[vc_row][vc_column][vc_tta_tabs style=\u00a0\u00bbmodern\u00a0\u00bb gap=\u00a0\u00bb10&Prime; alignment=\u00a0\u00bbcenter\u00a0\u00bb active_section=\u00a0\u00bb1&Prime;][vc_tta_section title=\u00a0\u00bb\u00c9changer avec ses collaborateurs\u00a0\u00bb tab_id=\u00a0\u00bb1528578907635-ef44cf86-842e\u00a0\u00bb][vc_row_inner][vc_column_inner width=\u00a0\u00bb1\/3&Prime;][vc_single_image image=\u00a0\u00bb756&Prime; img_size=\u00a0\u00bbfull\u00a0\u00bb][\/vc_column_inner][vc_column_inner width=\u00a0\u00bb2\/3&Prime;][vc_column_text]Nous vous proposons un cadre id\u00e9al pour l&rsquo;organisation de vos s\u00e9minaires professionnels, un moment de convivialit\u00e9 avec vos \u00e9quipes. Voici quelques id\u00e9es qui pourraient vous int\u00e9resser : R\u00e9unions, assembl\u00e9es g\u00e9n\u00e9rales, conseil d&rsquo;administration, les rendez-vous incontournables Brunch, d\u00e9jeuners ou d\u00eeners d&rsquo;entreprise, pour se [&hellip;]","protected":false},"author":1,"featured_media":0,"parent":0,"menu_order":0,"comment_status":"closed","ping_status":"closed","template":"","meta":{"_et_pb_use_builder":"","_et_pb_old_content":"","_et_gb_content_width":"","_exactmetrics_skip_tracking":false,"_exactmetrics_sitenote_active":false,"_exactmetrics_sitenote_note":"","_exactmetrics_sitenote_category":0,"footnotes":""},"class_list":["post-690","page","type-page","status-publish","hentry"],"_links":{"self":[{"href":"https:\/\/domaineroustan.fr\/index.php\/wp-json\/wp\/v2\/pages\/690","targetHints":{"allow":["GET"]}}],"collection":[{"href":"https:\/\/domaineroustan.fr\/index.php\/wp-json\/wp\/v2\/pages"}],"about":[{"href":"https:\/\/domaineroustan.fr\/index.php\/wp-json\/wp\/v2\/types\/page"}],"author":[{"embeddable":true,"href":"https:\/\/domaineroustan.fr\/index.php\/wp-json\/wp\/v2\/users\/1"}],"replies":[{"embeddable":true,"href":"https:\/\/domaineroustan.fr\/index.php\/wp-json\/wp\/v2\/comments?post=690"}],"version-history":[{"count":31,"href":"https:\/\/domaineroustan.fr\/index.php\/wp-json\/wp\/v2\/pages\/690\/revisions"}],"predecessor-version":[{"id":906,"href":"https:\/\/domaineroustan.fr\/index.php\/wp-json\/wp\/v2\/pages\/690\/revisions\/906"}],"wp:attachment":[{"href":"https:\/\/domaineroustan.fr\/index.php\/wp-json\/wp\/v2\/media?parent=690"}],"curies":[{"name":"wp","href":"https:\/\/api.w.org\/{rel}","templated":true}]}}