{"id":961,"date":"2020-06-26T09:20:08","date_gmt":"2020-06-26T07:20:08","guid":{"rendered":"http:\/\/domaineroustan.fr\/?page_id=961"},"modified":"2020-06-26T18:33:11","modified_gmt":"2020-06-26T16:33:11","slug":"le-domaine","status":"publish","type":"page","link":"https:\/\/domaineroustan.fr\/index.php\/le-domaine\/","title":{"rendered":"LE DOMAINE"},"content":{"rendered":"<div class=\"wpb-content-wrapper\"><p>[vc_row][vc_column][vc_empty_space height=\u00a0\u00bb60px\u00a0\u00bb][\/vc_column][\/vc_row][vc_row][vc_column][vc_video link=\u00a0\u00bbhttps:\/\/youtu.be\/-qqKDu8wVtc\u00a0\u00bb align=\u00a0\u00bbcenter\u00a0\u00bb][vc_empty_space height=\u00a0\u00bb60px\u00a0\u00bb][\/vc_column][\/vc_row][vc_row][vc_column width=\u00a0\u00bb1\/6&Prime;][vc_column_text][\/vc_column_text][\/vc_column][vc_column width=\u00a0\u00bb2\/3&Prime;][vc_column_text]<\/p>\n<h6 style=\"text-align: center;\"><strong>Le Domaine Roustan est un domaine familial d\u2019une vingtaine d\u2019hectares situ\u00e9 au c\u0153ur du village proven\u00e7al de la Fare les Oliviers, dans les Bouches du Rh\u00f4ne.<\/strong><\/h6>\n<h6 style=\"text-align: center;\">Sylvaine Roustan, vigneronne et ol\u00e9icultrice, a repris le domaine depuis 2016.<br \/>\nElle travaille selon les r\u00e8gles de l\u2019agriculture biologique.<\/h6>\n<h6 style=\"text-align: center;\">Nous voulons cultiver la vigne dans le respect de l\u2019environnement et de la biodiversit\u00e9.<br \/>\nNous produisons du vin, de l&rsquo;huile d&rsquo;olive et du jus de raisin.<\/h6>\n<p>[\/vc_column_text][\/vc_column][vc_column width=\u00a0\u00bb1\/6&Prime;][\/vc_column][\/vc_row][vc_row][vc_column][vc_empty_space height=\u00a0\u00bb60px\u00a0\u00bb][\/vc_column][\/vc_row][vc_row][vc_column width=\u00a0\u00bb1\/2&Prime;][vc_column_text]<\/p>\n<h1 style=\"text-align: center;\">Le vignoble<\/h1>\n<p>[\/vc_column_text][vc_empty_space height=\u00a0\u00bb30px\u00a0\u00bb][vc_single_image image=\u00a0\u00bb1019&Prime; img_size=\u00a0\u00bblarge\u00a0\u00bb alignment=\u00a0\u00bbcenter\u00a0\u00bb][vc_empty_space height=\u00a0\u00bb30px\u00a0\u00bb][vc_column_text]<\/p>\n<h4 style=\"text-align: center;\">Nos principaux c\u00e9pages :<\/h4>\n<p>[\/vc_column_text][vc_column_text]<\/p>\n<h5 style=\"text-align: center;\">Grenache, Syrah, Cabernet, Vermentino et Sauvignon<\/h5>\n<p>[\/vc_column_text][vc_column_text]<\/p>\n<h6 style=\"text-align: center;\">La vinification de nos raisins<br \/>\net la mise en bouteille\u00a0se font au Domaine.<\/h6>\n<p>[\/vc_column_text][\/vc_column][vc_column width=\u00a0\u00bb1\/2&Prime;][vc_column_text]<\/p>\n<h1 style=\"text-align: center;\"><b>L&rsquo;oliveraie<\/b><\/h1>\n<p>[\/vc_column_text][vc_empty_space height=\u00a0\u00bb30px\u00a0\u00bb][vc_single_image image=\u00a0\u00bb997&Prime; img_size=\u00a0\u00bblarge\u00a0\u00bb alignment=\u00a0\u00bbcenter\u00a0\u00bb][vc_empty_space height=\u00a0\u00bb30px\u00a0\u00bb][vc_column_text]<\/p>\n<h4 style=\"text-align: center;\">Nos vari\u00e9t\u00e9s d&rsquo;olives :<\/h4>\n<p>[\/vc_column_text][vc_column_text]<\/p>\n<h5 style=\"text-align: center;\">Aglandau et Salonenque<\/h5>\n<p>[\/vc_column_text][vc_column_text]<\/p>\n<h6 style=\"text-align: center;\">Nous r\u00e9coltons nos olives \u00e0 la main.<br \/>\nNotre huile d&rsquo;olive est \u00e9labor\u00e9e dans un moulin partenaire.<\/h6>\n<p>[\/vc_column_text][\/vc_column][\/vc_row][vc_row][vc_column][vc_empty_space height=\u00a0\u00bb99px\u00a0\u00bb][\/vc_column][\/vc_row]<\/p>\n<\/div>","protected":false},"excerpt":{"rendered":"[vc_row][vc_column][vc_empty_space height=\u00a0\u00bb60px\u00a0\u00bb][\/vc_column][\/vc_row][vc_row][vc_column][vc_video link=\u00a0\u00bbhttps:\/\/youtu.be\/-qqKDu8wVtc\u00a0\u00bb align=\u00a0\u00bbcenter\u00a0\u00bb][vc_empty_space height=\u00a0\u00bb60px\u00a0\u00bb][\/vc_column][\/vc_row][vc_row][vc_column width=\u00a0\u00bb1\/6&Prime;][vc_column_text][\/vc_column_text][\/vc_column][vc_column width=\u00a0\u00bb2\/3&Prime;][vc_column_text] Le Domaine Roustan est un domaine familial d\u2019une vingtaine d\u2019hectares situ\u00e9 au c\u0153ur du village proven\u00e7al de la Fare les Oliviers, dans les Bouches du Rh\u00f4ne. Sylvaine Roustan, vigneronne et ol\u00e9icultrice, a repris le domaine depuis 2016. Elle travaille selon les r\u00e8gles de l\u2019agriculture biologique. Nous voulons cultiver [&hellip;]","protected":false},"author":1,"featured_media":970,"parent":0,"menu_order":0,"comment_status":"closed","ping_status":"closed","template":"custom-page.php","meta":{"_et_pb_use_builder":"","_et_pb_old_content":"","_et_gb_content_width":"","_exactmetrics_skip_tracking":false,"_exactmetrics_sitenote_active":false,"_exactmetrics_sitenote_note":"","_exactmetrics_sitenote_category":0,"footnotes":""},"class_list":["post-961","page","type-page","status-publish","has-post-thumbnail","hentry"],"_links":{"self":[{"href":"https:\/\/domaineroustan.fr\/index.php\/wp-json\/wp\/v2\/pages\/961","targetHints":{"allow":["GET"]}}],"collection":[{"href":"https:\/\/domaineroustan.fr\/index.php\/wp-json\/wp\/v2\/pages"}],"about":[{"href":"https:\/\/domaineroustan.fr\/index.php\/wp-json\/wp\/v2\/types\/page"}],"author":[{"embeddable":true,"href":"https:\/\/domaineroustan.fr\/index.php\/wp-json\/wp\/v2\/users\/1"}],"replies":[{"embeddable":true,"href":"https:\/\/domaineroustan.fr\/index.php\/wp-json\/wp\/v2\/comments?post=961"}],"version-history":[{"count":41,"href":"https:\/\/domaineroustan.fr\/index.php\/wp-json\/wp\/v2\/pages\/961\/revisions"}],"predecessor-version":[{"id":1090,"href":"https:\/\/domaineroustan.fr\/index.php\/wp-json\/wp\/v2\/pages\/961\/revisions\/1090"}],"wp:featuredmedia":[{"embeddable":true,"href":"https:\/\/domaineroustan.fr\/index.php\/wp-json\/wp\/v2\/media\/970"}],"wp:attachment":[{"href":"https:\/\/domaineroustan.fr\/index.php\/wp-json\/wp\/v2\/media?parent=961"}],"curies":[{"name":"wp","href":"https:\/\/api.w.org\/{rel}","templated":true}]}}